{"id":1533,"date":"2025-10-08T13:08:01","date_gmt":"2025-10-08T13:08:01","guid":{"rendered":"https:\/\/urltemporal.com.ar\/siconara\/?page_id=1533"},"modified":"2025-10-28T20:43:15","modified_gmt":"2025-10-28T20:43:15","slug":"capacitacion","status":"publish","type":"page","link":"https:\/\/urltemporal.com.ar\/siconara\/capacitacion\/","title":{"rendered":"Capacitaci\u00f3n"},"content":{"rendered":"\t\t<div data-elementor-type=\"wp-page\" data-elementor-id=\"1533\" class=\"elementor elementor-1533\">\n\t\t\t\t<div class=\"elementor-element elementor-element-345cd10 e-flex e-con-boxed e-con e-parent\" data-id=\"345cd10\" data-element_type=\"container\" data-e-type=\"container\" data-settings=\"{&quot;background_background&quot;:&quot;classic&quot;,&quot;jet_parallax_layout_list&quot;:[]}\">\n\t\t\t\t\t<div class=\"e-con-inner\">\n\t\t<div class=\"elementor-element elementor-element-8f401db e-con-full e-flex e-con e-child\" data-id=\"8f401db\" data-element_type=\"container\" data-e-type=\"container\" data-settings=\"{&quot;jet_parallax_layout_list&quot;:[]}\">\n\t\t\t\t<div class=\"elementor-element elementor-element-59614d7 elementor-widget elementor-widget-heading\" data-id=\"59614d7\" data-element_type=\"widget\" data-e-type=\"widget\" data-widget_type=\"heading.default\">\n\t\t\t\t\t<h2 class=\"elementor-heading-title elementor-size-default\">CENTRO DE FORMACI\u00d3N PROFESIONAL<\/h2>\t\t\t\t<\/div>\n\t\t\t\t<\/div>\n\t\t\t\t\t<\/div>\n\t\t\t\t<\/div>\n\t\t<div class=\"elementor-element elementor-element-489365f e-flex e-con-boxed e-con e-parent\" data-id=\"489365f\" data-element_type=\"container\" data-e-type=\"container\" data-settings=\"{&quot;jet_parallax_layout_list&quot;:[]}\">\n\t\t\t\t\t<div class=\"e-con-inner\">\n\t\t\t\t<div class=\"elementor-element elementor-element-e5e6c73 elementor-widget elementor-widget-heading\" data-id=\"e5e6c73\" data-element_type=\"widget\" data-e-type=\"widget\" data-widget_type=\"heading.default\">\n\t\t\t\t\t<h2 class=\"elementor-heading-title elementor-size-default\">Formamos profesionales conectando talento y tecnolog\u00eda<\/h2>\t\t\t\t<\/div>\n\t\t\t\t\t<\/div>\n\t\t\t\t<\/div>\n\t\t<div class=\"elementor-element elementor-element-feec47e e-flex e-con-boxed e-con e-parent\" data-id=\"feec47e\" data-element_type=\"container\" data-e-type=\"container\" data-settings=\"{&quot;jet_parallax_layout_list&quot;:[]}\">\n\t\t\t\t\t<div class=\"e-con-inner\">\n\t\t\t\t<div class=\"elementor-element elementor-element-f091d40 elementor-widget elementor-widget-image\" data-id=\"f091d40\" data-element_type=\"widget\" data-e-type=\"widget\" data-widget_type=\"image.default\">\n\t\t\t\t\t\t\t\t\t\t\t\t\t\t\t<img fetchpriority=\"high\" decoding=\"async\" width=\"300\" height=\"196\" src=\"https:\/\/urltemporal.com.ar\/siconara\/wp-content\/uploads\/2025\/10\/Centro-ded-formacion-300x196.jpeg\" class=\"attachment-medium size-medium wp-image-6366\" alt=\"\" srcset=\"https:\/\/urltemporal.com.ar\/siconara\/wp-content\/uploads\/2025\/10\/Centro-ded-formacion-300x196.jpeg 300w, https:\/\/urltemporal.com.ar\/siconara\/wp-content\/uploads\/2025\/10\/Centro-ded-formacion-1024x669.jpeg 1024w, https:\/\/urltemporal.com.ar\/siconara\/wp-content\/uploads\/2025\/10\/Centro-ded-formacion-768x502.jpeg 768w, https:\/\/urltemporal.com.ar\/siconara\/wp-content\/uploads\/2025\/10\/Centro-ded-formacion-600x392.jpeg 600w, https:\/\/urltemporal.com.ar\/siconara\/wp-content\/uploads\/2025\/10\/Centro-ded-formacion.jpeg 1280w\" sizes=\"(max-width: 300px) 100vw, 300px\" \/>\t\t\t\t\t\t\t\t\t\t\t\t\t\t\t<\/div>\n\t\t\t\t<div class=\"elementor-element elementor-element-bc8b522 elementor-widget elementor-widget-text-editor\" data-id=\"bc8b522\" data-element_type=\"widget\" data-e-type=\"widget\" data-widget_type=\"text-editor.default\">\n\t\t\t\t\t\t\t\t\t<p>Inaugurar el Centro de Formaci\u00f3n Profesional del Sindicato Conductores Navales de la Rep\u00fablica Argentina nos invita a reflexionar.<\/p><p>Este momento es un hito que conlleva un honor inmenso y una profunda emoci\u00f3n porque materializa los sue\u00f1os, esfuerzos y visi\u00f3n de un futuro mejor para nuestra gente.<\/p><p>El trabajo es fruto del camino que abrieron generaciones anteriores de compa\u00f1eros y compa\u00f1eras quienes con su lucha y dedicaci\u00f3n forjaron los cimientos del Centro de Formaci\u00f3n Profesional.<\/p><p>Llegar hasta aqu\u00ed no ha sido sencillo, a lo largo del tiempo se mantuvo una visi\u00f3n clara, formar y capacitar a los hombres y mujeres del sector como tambi\u00e9n a la comunidad, en nuestra casa.<\/p><p>Nos anima la b\u00fasqueda constante de m\u00e1s y mejores formas de educar mediante la selecci\u00f3n y capacitaci\u00f3n docente; adquisici\u00f3n de mobiliario, recursos materiales, equipos; gu\u00edas de estudio y componentes did\u00e1cticos novedosos, en definitiva, un proceso de mejora continua.<\/p><p>El Centro de Formaci\u00f3n Profesional se direcciona a ser un referente en el sector no s\u00f3lo nacional sino internacional, promoviendo la firma de acuerdos con organizaciones educativas y otras reconocidas en el contexto de la Marina<br \/>Mercante, para construir conocimiento en forma conjunta.<\/p><p>En el presente nos hemos abocado al dictado de los cursos b\u00e1sicos certificados por la Armada Argentina y se encuentra en proceso de dise\u00f1o los correspondientes al nivel avanzados como tambi\u00e9n la plataforma virtual.<\/p><p>El Centro de Formaci\u00f3n Profesional de SICONARA es una realidad por el trabajo en equipo, el apoyo de quienes conforman el Sindicato, y por la convicci\u00f3n inquebrantable que unidos se pueden lograr grandes cosas.<\/p>\t\t\t\t\t\t\t\t<\/div>\n\t\t\t\t<div class=\"elementor-element elementor-element-e6349db elementor-widget elementor-widget-text-editor\" data-id=\"e6349db\" data-element_type=\"widget\" data-e-type=\"widget\" data-widget_type=\"text-editor.default\">\n\t\t\t\t\t\t\t\t\t<p><strong>Pod\u00e9s encontrar todos nuestros cursos en:<\/strong><br \/><a href=\"https:\/\/cfpsiconara.com.ar\/\" target=\"_blank\" rel=\"noopener\"><strong>https:\/\/cfpsiconara.com.ar\/<\/strong><\/a><br \/>con sus fechas de inicio, modalidad y aranceles.<\/p>\t\t\t\t\t\t\t\t<\/div>\n\t\t\t\t<div class=\"elementor-element elementor-element-dea1a0a elementor-widget elementor-widget-text-editor\" data-id=\"dea1a0a\" data-element_type=\"widget\" data-e-type=\"widget\" data-widget_type=\"text-editor.default\">\n\t\t\t\t\t\t\t\t\t<p><strong>Tambi\u00e9n podes seguirnos en nuestras redes:<\/strong><br \/><a href=\"https:\/\/www.facebook.com\/CFPSiconara\/\" target=\"_blank\" rel=\"noopener\">https:\/\/www.facebook.com\/CFPSiconara\/<\/a><br \/><a href=\"https:\/\/www.instagram.com\/cfpsiconara\/\" target=\"_blank\" rel=\"noopener\">https:\/\/www.instagram.com\/cfpsiconara\/<\/a><\/p>\t\t\t\t\t\t\t\t<\/div>\n\t\t\t\t\t<\/div>\n\t\t\t\t<\/div>\n\t\t\t\t<\/div>\n\t\t","protected":false},"excerpt":{"rendered":"<p>CENTRO DE FORMACI\u00d3N PROFESIONAL Formamos profesionales conectando talento y tecnolog\u00eda Inaugurar el Centro de Formaci\u00f3n Profesional del Sindicato Conductores Navales de la Rep\u00fablica Argentina nos invita a reflexionar. Este momento es un hito que conlleva un honor inmenso y una profunda emoci\u00f3n porque materializa los sue\u00f1os, esfuerzos y visi\u00f3n de un futuro mejor para nuestra [&hellip;]<\/p>\n","protected":false},"author":1,"featured_media":1505,"parent":0,"menu_order":0,"comment_status":"closed","ping_status":"closed","template":"page-templates\/fullwidth-content.php","meta":{"footnotes":""},"class_list":["post-1533","page","type-page","status-publish","has-post-thumbnail","hentry"],"_links":{"self":[{"href":"https:\/\/urltemporal.com.ar\/siconara\/wp-json\/wp\/v2\/pages\/1533","targetHints":{"allow":["GET"]}}],"collection":[{"href":"https:\/\/urltemporal.com.ar\/siconara\/wp-json\/wp\/v2\/pages"}],"about":[{"href":"https:\/\/urltemporal.com.ar\/siconara\/wp-json\/wp\/v2\/types\/page"}],"author":[{"embeddable":true,"href":"https:\/\/urltemporal.com.ar\/siconara\/wp-json\/wp\/v2\/users\/1"}],"replies":[{"embeddable":true,"href":"https:\/\/urltemporal.com.ar\/siconara\/wp-json\/wp\/v2\/comments?post=1533"}],"version-history":[{"count":17,"href":"https:\/\/urltemporal.com.ar\/siconara\/wp-json\/wp\/v2\/pages\/1533\/revisions"}],"predecessor-version":[{"id":6440,"href":"https:\/\/urltemporal.com.ar\/siconara\/wp-json\/wp\/v2\/pages\/1533\/revisions\/6440"}],"wp:featuredmedia":[{"embeddable":true,"href":"https:\/\/urltemporal.com.ar\/siconara\/wp-json\/wp\/v2\/media\/1505"}],"wp:attachment":[{"href":"https:\/\/urltemporal.com.ar\/siconara\/wp-json\/wp\/v2\/media?parent=1533"}],"curies":[{"name":"wp","href":"https:\/\/api.w.org\/{rel}","templated":true}]}}